{"id":9512,"date":"2023-11-20T07:17:12","date_gmt":"2023-11-20T12:17:12","guid":{"rendered":"https:\/\/www.studioxp.ca\/?page_id=9512"},"modified":"2023-11-20T07:17:12","modified_gmt":"2023-11-20T12:17:12","slug":"prix","status":"publish","type":"page","link":"https:\/\/www.studioxp.ca\/fr\/prix\/","title":{"rendered":"Prix QC"},"content":{"rendered":"","protected":false},"excerpt":{"rendered":"","protected":false},"author":5,"featured_media":0,"parent":0,"menu_order":0,"comment_status":"closed","ping_status":"closed","template":"","meta":{"footnotes":""},"sxp-course-type":[],"sxp-event-type":[],"folder":[],"class_list":["post-9512","page","type-page","status-publish","hentry"],"yoast_head":"<!-- This site is optimized with the Yoast SEO plugin v23.2 - https:\/\/yoast.com\/wordpress\/plugins\/seo\/ -->\n<title>Liste de prix des cours et camps de jour - Studio XP<\/title>\n<meta name=\"description\" content=\"Combien co\u00fbte apprendre \u00e0 coder avec Minecraft? Quel est le prix d&#039;un camp en programmation de jeux vid\u00e9o? Voici les prix de toutes nos formules en pr\u00e9sentiel.\" \/>\n<meta name=\"robots\" content=\"index, follow, max-snippet:-1, max-image-preview:large, max-video-preview:-1\" \/>\n<link rel=\"canonical\" href=\"https:\/\/www.studioxp.ca\/fr\/prix\/\" \/>\n<meta property=\"og:locale\" content=\"fr_CA\" \/>\n<meta property=\"og:type\" content=\"article\" \/>\n<meta property=\"og:title\" content=\"Liste de prix des cours et camps de jour - Studio XP\" \/>\n<meta property=\"og:description\" content=\"Combien co\u00fbte apprendre \u00e0 coder avec Minecraft? Quel est le prix d&#039;un camp en programmation de jeux vid\u00e9o? Voici les prix de toutes nos formules en pr\u00e9sentiel.\" \/>\n<meta property=\"og:url\" content=\"https:\/\/www.studioxp.ca\/fr\/prix\/\" \/>\n<meta property=\"og:site_name\" content=\"Studio XP\" \/>\n<meta name=\"twitter:card\" content=\"summary_large_image\" \/>\n<script type=\"application\/ld+json\" class=\"yoast-schema-graph\">{\"@context\":\"https:\/\/schema.org\",\"@graph\":[{\"@type\":\"WebPage\",\"@id\":\"https:\/\/www.studioxp.ca\/fr\/prix\/\",\"url\":\"https:\/\/www.studioxp.ca\/fr\/prix\/\",\"name\":\"Liste de prix des cours et camps de jour - Studio XP\",\"isPartOf\":{\"@id\":\"https:\/\/www.studioxp.ca\/fr\/#website\"},\"datePublished\":\"2023-11-20T12:17:12+00:00\",\"dateModified\":\"2023-11-20T12:17:12+00:00\",\"description\":\"Combien co\u00fbte apprendre \u00e0 coder avec Minecraft? Quel est le prix d'un camp en programmation de jeux vid\u00e9o? Voici les prix de toutes nos formules en pr\u00e9sentiel.\",\"breadcrumb\":{\"@id\":\"https:\/\/www.studioxp.ca\/fr\/prix\/#breadcrumb\"},\"inLanguage\":\"fr-CA\",\"potentialAction\":[{\"@type\":\"ReadAction\",\"target\":[\"https:\/\/www.studioxp.ca\/fr\/prix\/\"]}]},{\"@type\":\"BreadcrumbList\",\"@id\":\"https:\/\/www.studioxp.ca\/fr\/prix\/#breadcrumb\",\"itemListElement\":[{\"@type\":\"ListItem\",\"position\":1,\"name\":\"Accueil\",\"item\":\"https:\/\/www.studioxp.ca\/fr\/\"},{\"@type\":\"ListItem\",\"position\":2,\"name\":\"Prix QC\"}]},{\"@type\":\"WebSite\",\"@id\":\"https:\/\/www.studioxp.ca\/fr\/#website\",\"url\":\"https:\/\/www.studioxp.ca\/fr\/\",\"name\":\"Studio XP\",\"description\":\"Cr\u00e9ation de jeux vid\u00e9o\",\"publisher\":{\"@id\":\"https:\/\/www.studioxp.ca\/fr\/#organization\"},\"potentialAction\":[{\"@type\":\"SearchAction\",\"target\":{\"@type\":\"EntryPoint\",\"urlTemplate\":\"https:\/\/www.studioxp.ca\/fr\/?s={search_term_string}\"},\"query-input\":\"required name=search_term_string\"}],\"inLanguage\":\"fr-CA\"},{\"@type\":\"Organization\",\"@id\":\"https:\/\/www.studioxp.ca\/fr\/#organization\",\"name\":\"Studio XP\",\"url\":\"https:\/\/www.studioxp.ca\/fr\/\",\"logo\":{\"@type\":\"ImageObject\",\"inLanguage\":\"fr-CA\",\"@id\":\"https:\/\/www.studioxp.ca\/fr\/#\/schema\/logo\/image\/\",\"url\":\"https:\/\/www.studioxp.ca\/wp-content\/uploads\/2021\/08\/cropped-SXP_Logo-Blanc.png.webp\",\"contentUrl\":\"https:\/\/www.studioxp.ca\/wp-content\/uploads\/2021\/08\/cropped-SXP_Logo-Blanc.png.webp\",\"width\":300,\"height\":85,\"caption\":\"Studio XP\"},\"image\":{\"@id\":\"https:\/\/www.studioxp.ca\/fr\/#\/schema\/logo\/image\/\"}}]}<\/script>\n<!-- \/ Yoast SEO plugin. -->","yoast_head_json":{"title":"Liste de prix des cours et camps de jour - Studio XP","description":"Combien co\u00fbte apprendre \u00e0 coder avec Minecraft? Quel est le prix d'un camp en programmation de jeux vid\u00e9o? Voici les prix de toutes nos formules en pr\u00e9sentiel.","robots":{"index":"index","follow":"follow","max-snippet":"max-snippet:-1","max-image-preview":"max-image-preview:large","max-video-preview":"max-video-preview:-1"},"canonical":"https:\/\/www.studioxp.ca\/fr\/prix\/","og_locale":"fr_CA","og_type":"article","og_title":"Liste de prix des cours et camps de jour - Studio XP","og_description":"Combien co\u00fbte apprendre \u00e0 coder avec Minecraft? Quel est le prix d'un camp en programmation de jeux vid\u00e9o? Voici les prix de toutes nos formules en pr\u00e9sentiel.","og_url":"https:\/\/www.studioxp.ca\/fr\/prix\/","og_site_name":"Studio XP","twitter_card":"summary_large_image","schema":{"@context":"https:\/\/schema.org","@graph":[{"@type":"WebPage","@id":"https:\/\/www.studioxp.ca\/fr\/prix\/","url":"https:\/\/www.studioxp.ca\/fr\/prix\/","name":"Liste de prix des cours et camps de jour - Studio XP","isPartOf":{"@id":"https:\/\/www.studioxp.ca\/fr\/#website"},"datePublished":"2023-11-20T12:17:12+00:00","dateModified":"2023-11-20T12:17:12+00:00","description":"Combien co\u00fbte apprendre \u00e0 coder avec Minecraft? Quel est le prix d'un camp en programmation de jeux vid\u00e9o? Voici les prix de toutes nos formules en pr\u00e9sentiel.","breadcrumb":{"@id":"https:\/\/www.studioxp.ca\/fr\/prix\/#breadcrumb"},"inLanguage":"fr-CA","potentialAction":[{"@type":"ReadAction","target":["https:\/\/www.studioxp.ca\/fr\/prix\/"]}]},{"@type":"BreadcrumbList","@id":"https:\/\/www.studioxp.ca\/fr\/prix\/#breadcrumb","itemListElement":[{"@type":"ListItem","position":1,"name":"Accueil","item":"https:\/\/www.studioxp.ca\/fr\/"},{"@type":"ListItem","position":2,"name":"Prix QC"}]},{"@type":"WebSite","@id":"https:\/\/www.studioxp.ca\/fr\/#website","url":"https:\/\/www.studioxp.ca\/fr\/","name":"Studio XP","description":"Cr\u00e9ation de jeux vid\u00e9o","publisher":{"@id":"https:\/\/www.studioxp.ca\/fr\/#organization"},"potentialAction":[{"@type":"SearchAction","target":{"@type":"EntryPoint","urlTemplate":"https:\/\/www.studioxp.ca\/fr\/?s={search_term_string}"},"query-input":"required name=search_term_string"}],"inLanguage":"fr-CA"},{"@type":"Organization","@id":"https:\/\/www.studioxp.ca\/fr\/#organization","name":"Studio XP","url":"https:\/\/www.studioxp.ca\/fr\/","logo":{"@type":"ImageObject","inLanguage":"fr-CA","@id":"https:\/\/www.studioxp.ca\/fr\/#\/schema\/logo\/image\/","url":"https:\/\/www.studioxp.ca\/wp-content\/uploads\/2021\/08\/cropped-SXP_Logo-Blanc.png.webp","contentUrl":"https:\/\/www.studioxp.ca\/wp-content\/uploads\/2021\/08\/cropped-SXP_Logo-Blanc.png.webp","width":300,"height":85,"caption":"Studio XP"},"image":{"@id":"https:\/\/www.studioxp.ca\/fr\/#\/schema\/logo\/image\/"}}]}},"_links":{"self":[{"href":"https:\/\/www.studioxp.ca\/fr\/wp-json\/wp\/v2\/pages\/9512","targetHints":{"allow":["GET"]}}],"collection":[{"href":"https:\/\/www.studioxp.ca\/fr\/wp-json\/wp\/v2\/pages"}],"about":[{"href":"https:\/\/www.studioxp.ca\/fr\/wp-json\/wp\/v2\/types\/page"}],"author":[{"embeddable":true,"href":"https:\/\/www.studioxp.ca\/fr\/wp-json\/wp\/v2\/users\/5"}],"replies":[{"embeddable":true,"href":"https:\/\/www.studioxp.ca\/fr\/wp-json\/wp\/v2\/comments?post=9512"}],"version-history":[{"count":1,"href":"https:\/\/www.studioxp.ca\/fr\/wp-json\/wp\/v2\/pages\/9512\/revisions"}],"predecessor-version":[{"id":9513,"href":"https:\/\/www.studioxp.ca\/fr\/wp-json\/wp\/v2\/pages\/9512\/revisions\/9513"}],"wp:attachment":[{"href":"https:\/\/www.studioxp.ca\/fr\/wp-json\/wp\/v2\/media?parent=9512"}],"wp:term":[{"taxonomy":"sxp-course-type","embeddable":true,"href":"https:\/\/www.studioxp.ca\/fr\/wp-json\/wp\/v2\/sxp-course-type?post=9512"},{"taxonomy":"sxp-event-type","embeddable":true,"href":"https:\/\/www.studioxp.ca\/fr\/wp-json\/wp\/v2\/sxp-event-type?post=9512"},{"taxonomy":"folder","embeddable":true,"href":"https:\/\/www.studioxp.ca\/fr\/wp-json\/wp\/v2\/folder?post=9512"}],"curies":[{"name":"wp","href":"https:\/\/api.w.org\/{rel}","templated":true}]}}