{"id":9119,"date":"2023-08-02T07:42:50","date_gmt":"2023-08-02T11:42:50","guid":{"rendered":"https:\/\/www.studioxp.ca\/?page_id=9119"},"modified":"2023-09-12T16:58:00","modified_gmt":"2023-09-12T20:58:00","slug":"pensionnat-du-st-nom-de-marie","status":"publish","type":"page","link":"https:\/\/www.studioxp.ca\/fr\/cours-en-presentiel\/pensionnat-du-st-nom-de-marie\/","title":{"rendered":"Montr\u00e9al &#8211; Outremont &#8211; Pensionnat du Saint-Nom-de-Marie"},"content":{"rendered":"","protected":false},"excerpt":{"rendered":"","protected":false},"author":2,"featured_media":0,"parent":2539,"menu_order":0,"comment_status":"closed","ping_status":"closed","template":"","meta":{"footnotes":""},"sxp-course-type":[],"sxp-event-type":[],"folder":[161],"class_list":["post-9119","page","type-page","status-publish","hentry"],"yoast_head":"<!-- This site is optimized with the Yoast SEO plugin v23.2 - https:\/\/yoast.com\/wordpress\/plugins\/seo\/ -->\n<title>Montr\u00e9al Outremont: apprendre \u00e0 coder ensemble - Studio XP<\/title>\n<meta name=\"description\" content=\"L&#039;\u00e9cole de cr\u00e9ation de jeux vid\u00e9o Studio XP pour 8-19 ans offre des cours de programmation en pr\u00e9sentiel au Pensionnat du Saint-Nom-de-Marie.\" \/>\n<meta name=\"robots\" content=\"index, follow, max-snippet:-1, max-image-preview:large, max-video-preview:-1\" \/>\n<link rel=\"canonical\" href=\"https:\/\/www.studioxp.ca\/fr\/cours-en-presentiel\/pensionnat-du-st-nom-de-marie\/\" \/>\n<meta property=\"og:locale\" content=\"fr_CA\" \/>\n<meta property=\"og:type\" content=\"article\" \/>\n<meta property=\"og:title\" content=\"Montr\u00e9al Outremont: apprendre \u00e0 coder ensemble - Studio XP\" \/>\n<meta property=\"og:description\" content=\"L&#039;\u00e9cole de cr\u00e9ation de jeux vid\u00e9o Studio XP pour 8-19 ans offre des cours de programmation en pr\u00e9sentiel au Pensionnat du Saint-Nom-de-Marie.\" \/>\n<meta property=\"og:url\" content=\"https:\/\/www.studioxp.ca\/fr\/cours-en-presentiel\/pensionnat-du-st-nom-de-marie\/\" \/>\n<meta property=\"og:site_name\" content=\"Studio XP\" \/>\n<meta property=\"article:modified_time\" content=\"2023-09-12T20:58:00+00:00\" \/>\n<meta name=\"twitter:card\" content=\"summary_large_image\" \/>\n<script type=\"application\/ld+json\" class=\"yoast-schema-graph\">{\"@context\":\"https:\/\/schema.org\",\"@graph\":[{\"@type\":\"WebPage\",\"@id\":\"https:\/\/www.studioxp.ca\/fr\/cours-en-presentiel\/pensionnat-du-st-nom-de-marie\/\",\"url\":\"https:\/\/www.studioxp.ca\/fr\/cours-en-presentiel\/pensionnat-du-st-nom-de-marie\/\",\"name\":\"Montr\u00e9al Outremont: apprendre \u00e0 coder ensemble - Studio XP\",\"isPartOf\":{\"@id\":\"https:\/\/www.studioxp.ca\/fr\/#website\"},\"datePublished\":\"2023-08-02T11:42:50+00:00\",\"dateModified\":\"2023-09-12T20:58:00+00:00\",\"description\":\"L'\u00e9cole de cr\u00e9ation de jeux vid\u00e9o Studio XP pour 8-19 ans offre des cours de programmation en pr\u00e9sentiel au Pensionnat du Saint-Nom-de-Marie.\",\"breadcrumb\":{\"@id\":\"https:\/\/www.studioxp.ca\/fr\/cours-en-presentiel\/pensionnat-du-st-nom-de-marie\/#breadcrumb\"},\"inLanguage\":\"fr-CA\",\"potentialAction\":[{\"@type\":\"ReadAction\",\"target\":[\"https:\/\/www.studioxp.ca\/fr\/cours-en-presentiel\/pensionnat-du-st-nom-de-marie\/\"]}]},{\"@type\":\"BreadcrumbList\",\"@id\":\"https:\/\/www.studioxp.ca\/fr\/cours-en-presentiel\/pensionnat-du-st-nom-de-marie\/#breadcrumb\",\"itemListElement\":[{\"@type\":\"ListItem\",\"position\":1,\"name\":\"Accueil\",\"item\":\"https:\/\/www.studioxp.ca\/fr\/\"},{\"@type\":\"ListItem\",\"position\":2,\"name\":\"Cours pr\u00e9sentiel\",\"item\":\"https:\/\/www.studioxp.ca\/fr\/cours-en-presentiel\/\"},{\"@type\":\"ListItem\",\"position\":3,\"name\":\"Studio XP Outremont\"}]},{\"@type\":\"WebSite\",\"@id\":\"https:\/\/www.studioxp.ca\/fr\/#website\",\"url\":\"https:\/\/www.studioxp.ca\/fr\/\",\"name\":\"Studio XP\",\"description\":\"Cr\u00e9ation de jeux vid\u00e9o\",\"publisher\":{\"@id\":\"https:\/\/www.studioxp.ca\/fr\/#organization\"},\"potentialAction\":[{\"@type\":\"SearchAction\",\"target\":{\"@type\":\"EntryPoint\",\"urlTemplate\":\"https:\/\/www.studioxp.ca\/fr\/?s={search_term_string}\"},\"query-input\":\"required name=search_term_string\"}],\"inLanguage\":\"fr-CA\"},{\"@type\":\"Organization\",\"@id\":\"https:\/\/www.studioxp.ca\/fr\/#organization\",\"name\":\"Studio XP\",\"url\":\"https:\/\/www.studioxp.ca\/fr\/\",\"logo\":{\"@type\":\"ImageObject\",\"inLanguage\":\"fr-CA\",\"@id\":\"https:\/\/www.studioxp.ca\/fr\/#\/schema\/logo\/image\/\",\"url\":\"https:\/\/www.studioxp.ca\/wp-content\/uploads\/2021\/08\/cropped-SXP_Logo-Blanc.png.webp\",\"contentUrl\":\"https:\/\/www.studioxp.ca\/wp-content\/uploads\/2021\/08\/cropped-SXP_Logo-Blanc.png.webp\",\"width\":300,\"height\":85,\"caption\":\"Studio XP\"},\"image\":{\"@id\":\"https:\/\/www.studioxp.ca\/fr\/#\/schema\/logo\/image\/\"}}]}<\/script>\n<!-- \/ Yoast SEO plugin. -->","yoast_head_json":{"title":"Montr\u00e9al Outremont: apprendre \u00e0 coder ensemble - Studio XP","description":"L'\u00e9cole de cr\u00e9ation de jeux vid\u00e9o Studio XP pour 8-19 ans offre des cours de programmation en pr\u00e9sentiel au Pensionnat du Saint-Nom-de-Marie.","robots":{"index":"index","follow":"follow","max-snippet":"max-snippet:-1","max-image-preview":"max-image-preview:large","max-video-preview":"max-video-preview:-1"},"canonical":"https:\/\/www.studioxp.ca\/fr\/cours-en-presentiel\/pensionnat-du-st-nom-de-marie\/","og_locale":"fr_CA","og_type":"article","og_title":"Montr\u00e9al Outremont: apprendre \u00e0 coder ensemble - Studio XP","og_description":"L'\u00e9cole de cr\u00e9ation de jeux vid\u00e9o Studio XP pour 8-19 ans offre des cours de programmation en pr\u00e9sentiel au Pensionnat du Saint-Nom-de-Marie.","og_url":"https:\/\/www.studioxp.ca\/fr\/cours-en-presentiel\/pensionnat-du-st-nom-de-marie\/","og_site_name":"Studio XP","article_modified_time":"2023-09-12T20:58:00+00:00","twitter_card":"summary_large_image","schema":{"@context":"https:\/\/schema.org","@graph":[{"@type":"WebPage","@id":"https:\/\/www.studioxp.ca\/fr\/cours-en-presentiel\/pensionnat-du-st-nom-de-marie\/","url":"https:\/\/www.studioxp.ca\/fr\/cours-en-presentiel\/pensionnat-du-st-nom-de-marie\/","name":"Montr\u00e9al Outremont: apprendre \u00e0 coder ensemble - Studio XP","isPartOf":{"@id":"https:\/\/www.studioxp.ca\/fr\/#website"},"datePublished":"2023-08-02T11:42:50+00:00","dateModified":"2023-09-12T20:58:00+00:00","description":"L'\u00e9cole de cr\u00e9ation de jeux vid\u00e9o Studio XP pour 8-19 ans offre des cours de programmation en pr\u00e9sentiel au Pensionnat du Saint-Nom-de-Marie.","breadcrumb":{"@id":"https:\/\/www.studioxp.ca\/fr\/cours-en-presentiel\/pensionnat-du-st-nom-de-marie\/#breadcrumb"},"inLanguage":"fr-CA","potentialAction":[{"@type":"ReadAction","target":["https:\/\/www.studioxp.ca\/fr\/cours-en-presentiel\/pensionnat-du-st-nom-de-marie\/"]}]},{"@type":"BreadcrumbList","@id":"https:\/\/www.studioxp.ca\/fr\/cours-en-presentiel\/pensionnat-du-st-nom-de-marie\/#breadcrumb","itemListElement":[{"@type":"ListItem","position":1,"name":"Accueil","item":"https:\/\/www.studioxp.ca\/fr\/"},{"@type":"ListItem","position":2,"name":"Cours pr\u00e9sentiel","item":"https:\/\/www.studioxp.ca\/fr\/cours-en-presentiel\/"},{"@type":"ListItem","position":3,"name":"Studio XP Outremont"}]},{"@type":"WebSite","@id":"https:\/\/www.studioxp.ca\/fr\/#website","url":"https:\/\/www.studioxp.ca\/fr\/","name":"Studio XP","description":"Cr\u00e9ation de jeux vid\u00e9o","publisher":{"@id":"https:\/\/www.studioxp.ca\/fr\/#organization"},"potentialAction":[{"@type":"SearchAction","target":{"@type":"EntryPoint","urlTemplate":"https:\/\/www.studioxp.ca\/fr\/?s={search_term_string}"},"query-input":"required name=search_term_string"}],"inLanguage":"fr-CA"},{"@type":"Organization","@id":"https:\/\/www.studioxp.ca\/fr\/#organization","name":"Studio XP","url":"https:\/\/www.studioxp.ca\/fr\/","logo":{"@type":"ImageObject","inLanguage":"fr-CA","@id":"https:\/\/www.studioxp.ca\/fr\/#\/schema\/logo\/image\/","url":"https:\/\/www.studioxp.ca\/wp-content\/uploads\/2021\/08\/cropped-SXP_Logo-Blanc.png.webp","contentUrl":"https:\/\/www.studioxp.ca\/wp-content\/uploads\/2021\/08\/cropped-SXP_Logo-Blanc.png.webp","width":300,"height":85,"caption":"Studio XP"},"image":{"@id":"https:\/\/www.studioxp.ca\/fr\/#\/schema\/logo\/image\/"}}]}},"_links":{"self":[{"href":"https:\/\/www.studioxp.ca\/fr\/wp-json\/wp\/v2\/pages\/9119","targetHints":{"allow":["GET"]}}],"collection":[{"href":"https:\/\/www.studioxp.ca\/fr\/wp-json\/wp\/v2\/pages"}],"about":[{"href":"https:\/\/www.studioxp.ca\/fr\/wp-json\/wp\/v2\/types\/page"}],"author":[{"embeddable":true,"href":"https:\/\/www.studioxp.ca\/fr\/wp-json\/wp\/v2\/users\/2"}],"replies":[{"embeddable":true,"href":"https:\/\/www.studioxp.ca\/fr\/wp-json\/wp\/v2\/comments?post=9119"}],"version-history":[{"count":2,"href":"https:\/\/www.studioxp.ca\/fr\/wp-json\/wp\/v2\/pages\/9119\/revisions"}],"predecessor-version":[{"id":9124,"href":"https:\/\/www.studioxp.ca\/fr\/wp-json\/wp\/v2\/pages\/9119\/revisions\/9124"}],"up":[{"embeddable":true,"href":"https:\/\/www.studioxp.ca\/fr\/wp-json\/wp\/v2\/pages\/2539"}],"wp:attachment":[{"href":"https:\/\/www.studioxp.ca\/fr\/wp-json\/wp\/v2\/media?parent=9119"}],"wp:term":[{"taxonomy":"sxp-course-type","embeddable":true,"href":"https:\/\/www.studioxp.ca\/fr\/wp-json\/wp\/v2\/sxp-course-type?post=9119"},{"taxonomy":"sxp-event-type","embeddable":true,"href":"https:\/\/www.studioxp.ca\/fr\/wp-json\/wp\/v2\/sxp-event-type?post=9119"},{"taxonomy":"folder","embeddable":true,"href":"https:\/\/www.studioxp.ca\/fr\/wp-json\/wp\/v2\/folder?post=9119"}],"curies":[{"name":"wp","href":"https:\/\/api.w.org\/{rel}","templated":true}]}}