{"id":25786,"date":"2025-08-05T17:05:20","date_gmt":"2025-08-05T21:05:20","guid":{"rendered":"https:\/\/www.studioxp.ca\/?page_id=25786"},"modified":"2025-08-05T17:05:20","modified_gmt":"2025-08-05T21:05:20","slug":"laval-mont-de-la-salle","status":"publish","type":"page","link":"https:\/\/www.studioxp.ca\/fr\/cours-en-presentiel\/laval-mont-de-la-salle\/","title":{"rendered":"Laval &#8211; \u00c9cole Mont de la Salle"},"content":{"rendered":"","protected":false},"excerpt":{"rendered":"","protected":false},"author":3,"featured_media":0,"parent":2539,"menu_order":0,"comment_status":"closed","ping_status":"closed","template":"","meta":{"footnotes":""},"sxp-course-type":[],"sxp-event-type":[23],"folder":[161],"class_list":["post-25786","page","type-page","status-publish","hentry","sxp-event-type-cours-fr-fr"],"yoast_head":"<!-- This site is optimized with the Yoast SEO plugin v23.2 - https:\/\/yoast.com\/wordpress\/plugins\/seo\/ -->\n<title>\u00c9cole Mont-De-La-Salle: apprendre \u00e0 coder ensemble - Studio XP<\/title>\n<meta name=\"description\" content=\"L&#039;\u00e9cole de cr\u00e9ation de jeux vid\u00e9o Studio XP pour 8-19 ans offre des cours de programmation en pr\u00e9sentiel avec moniteur \u00e0 Laval-des-Rapides.\" \/>\n<meta name=\"robots\" content=\"index, follow, max-snippet:-1, max-image-preview:large, max-video-preview:-1\" \/>\n<link rel=\"canonical\" href=\"https:\/\/www.studioxp.ca\/fr\/cours-en-presentiel\/laval-mont-de-la-salle\/\" \/>\n<meta property=\"og:locale\" content=\"fr_CA\" \/>\n<meta property=\"og:type\" content=\"article\" \/>\n<meta property=\"og:title\" content=\"\u00c9cole Mont-De-La-Salle: apprendre \u00e0 coder ensemble - Studio XP\" \/>\n<meta property=\"og:description\" content=\"L&#039;\u00e9cole de cr\u00e9ation de jeux vid\u00e9o Studio XP pour 8-19 ans offre des cours de programmation en pr\u00e9sentiel avec moniteur \u00e0 Laval-des-Rapides.\" \/>\n<meta property=\"og:url\" content=\"https:\/\/www.studioxp.ca\/fr\/cours-en-presentiel\/laval-mont-de-la-salle\/\" \/>\n<meta property=\"og:site_name\" content=\"Studio XP\" \/>\n<meta name=\"twitter:card\" content=\"summary_large_image\" \/>\n<script type=\"application\/ld+json\" class=\"yoast-schema-graph\">{\"@context\":\"https:\/\/schema.org\",\"@graph\":[{\"@type\":\"WebPage\",\"@id\":\"https:\/\/www.studioxp.ca\/fr\/cours-en-presentiel\/laval-mont-de-la-salle\/\",\"url\":\"https:\/\/www.studioxp.ca\/fr\/cours-en-presentiel\/laval-mont-de-la-salle\/\",\"name\":\"\u00c9cole Mont-De-La-Salle: apprendre \u00e0 coder ensemble - Studio XP\",\"isPartOf\":{\"@id\":\"https:\/\/www.studioxp.ca\/fr\/#website\"},\"datePublished\":\"2025-08-05T21:05:20+00:00\",\"dateModified\":\"2025-08-05T21:05:20+00:00\",\"description\":\"L'\u00e9cole de cr\u00e9ation de jeux vid\u00e9o Studio XP pour 8-19 ans offre des cours de programmation en pr\u00e9sentiel avec moniteur \u00e0 Laval-des-Rapides.\",\"breadcrumb\":{\"@id\":\"https:\/\/www.studioxp.ca\/fr\/cours-en-presentiel\/laval-mont-de-la-salle\/#breadcrumb\"},\"inLanguage\":\"fr-CA\",\"potentialAction\":[{\"@type\":\"ReadAction\",\"target\":[\"https:\/\/www.studioxp.ca\/fr\/cours-en-presentiel\/laval-mont-de-la-salle\/\"]}]},{\"@type\":\"BreadcrumbList\",\"@id\":\"https:\/\/www.studioxp.ca\/fr\/cours-en-presentiel\/laval-mont-de-la-salle\/#breadcrumb\",\"itemListElement\":[{\"@type\":\"ListItem\",\"position\":1,\"name\":\"Accueil\",\"item\":\"https:\/\/www.studioxp.ca\/fr\/\"},{\"@type\":\"ListItem\",\"position\":2,\"name\":\"Cours pr\u00e9sentiel\",\"item\":\"https:\/\/www.studioxp.ca\/fr\/cours-en-presentiel\/\"},{\"@type\":\"ListItem\",\"position\":3,\"name\":\"Studio XP Laval\"}]},{\"@type\":\"WebSite\",\"@id\":\"https:\/\/www.studioxp.ca\/fr\/#website\",\"url\":\"https:\/\/www.studioxp.ca\/fr\/\",\"name\":\"Studio XP\",\"description\":\"Cr\u00e9ation de jeux vid\u00e9o\",\"publisher\":{\"@id\":\"https:\/\/www.studioxp.ca\/fr\/#organization\"},\"potentialAction\":[{\"@type\":\"SearchAction\",\"target\":{\"@type\":\"EntryPoint\",\"urlTemplate\":\"https:\/\/www.studioxp.ca\/fr\/?s={search_term_string}\"},\"query-input\":\"required name=search_term_string\"}],\"inLanguage\":\"fr-CA\"},{\"@type\":\"Organization\",\"@id\":\"https:\/\/www.studioxp.ca\/fr\/#organization\",\"name\":\"Studio XP\",\"url\":\"https:\/\/www.studioxp.ca\/fr\/\",\"logo\":{\"@type\":\"ImageObject\",\"inLanguage\":\"fr-CA\",\"@id\":\"https:\/\/www.studioxp.ca\/fr\/#\/schema\/logo\/image\/\",\"url\":\"https:\/\/www.studioxp.ca\/wp-content\/uploads\/2021\/08\/cropped-SXP_Logo-Blanc.png.webp\",\"contentUrl\":\"https:\/\/www.studioxp.ca\/wp-content\/uploads\/2021\/08\/cropped-SXP_Logo-Blanc.png.webp\",\"width\":300,\"height\":85,\"caption\":\"Studio XP\"},\"image\":{\"@id\":\"https:\/\/www.studioxp.ca\/fr\/#\/schema\/logo\/image\/\"}}]}<\/script>\n<!-- \/ Yoast SEO plugin. -->","yoast_head_json":{"title":"\u00c9cole Mont-De-La-Salle: apprendre \u00e0 coder ensemble - Studio XP","description":"L'\u00e9cole de cr\u00e9ation de jeux vid\u00e9o Studio XP pour 8-19 ans offre des cours de programmation en pr\u00e9sentiel avec moniteur \u00e0 Laval-des-Rapides.","robots":{"index":"index","follow":"follow","max-snippet":"max-snippet:-1","max-image-preview":"max-image-preview:large","max-video-preview":"max-video-preview:-1"},"canonical":"https:\/\/www.studioxp.ca\/fr\/cours-en-presentiel\/laval-mont-de-la-salle\/","og_locale":"fr_CA","og_type":"article","og_title":"\u00c9cole Mont-De-La-Salle: apprendre \u00e0 coder ensemble - Studio XP","og_description":"L'\u00e9cole de cr\u00e9ation de jeux vid\u00e9o Studio XP pour 8-19 ans offre des cours de programmation en pr\u00e9sentiel avec moniteur \u00e0 Laval-des-Rapides.","og_url":"https:\/\/www.studioxp.ca\/fr\/cours-en-presentiel\/laval-mont-de-la-salle\/","og_site_name":"Studio XP","twitter_card":"summary_large_image","schema":{"@context":"https:\/\/schema.org","@graph":[{"@type":"WebPage","@id":"https:\/\/www.studioxp.ca\/fr\/cours-en-presentiel\/laval-mont-de-la-salle\/","url":"https:\/\/www.studioxp.ca\/fr\/cours-en-presentiel\/laval-mont-de-la-salle\/","name":"\u00c9cole Mont-De-La-Salle: apprendre \u00e0 coder ensemble - Studio XP","isPartOf":{"@id":"https:\/\/www.studioxp.ca\/fr\/#website"},"datePublished":"2025-08-05T21:05:20+00:00","dateModified":"2025-08-05T21:05:20+00:00","description":"L'\u00e9cole de cr\u00e9ation de jeux vid\u00e9o Studio XP pour 8-19 ans offre des cours de programmation en pr\u00e9sentiel avec moniteur \u00e0 Laval-des-Rapides.","breadcrumb":{"@id":"https:\/\/www.studioxp.ca\/fr\/cours-en-presentiel\/laval-mont-de-la-salle\/#breadcrumb"},"inLanguage":"fr-CA","potentialAction":[{"@type":"ReadAction","target":["https:\/\/www.studioxp.ca\/fr\/cours-en-presentiel\/laval-mont-de-la-salle\/"]}]},{"@type":"BreadcrumbList","@id":"https:\/\/www.studioxp.ca\/fr\/cours-en-presentiel\/laval-mont-de-la-salle\/#breadcrumb","itemListElement":[{"@type":"ListItem","position":1,"name":"Accueil","item":"https:\/\/www.studioxp.ca\/fr\/"},{"@type":"ListItem","position":2,"name":"Cours pr\u00e9sentiel","item":"https:\/\/www.studioxp.ca\/fr\/cours-en-presentiel\/"},{"@type":"ListItem","position":3,"name":"Studio XP Laval"}]},{"@type":"WebSite","@id":"https:\/\/www.studioxp.ca\/fr\/#website","url":"https:\/\/www.studioxp.ca\/fr\/","name":"Studio XP","description":"Cr\u00e9ation de jeux vid\u00e9o","publisher":{"@id":"https:\/\/www.studioxp.ca\/fr\/#organization"},"potentialAction":[{"@type":"SearchAction","target":{"@type":"EntryPoint","urlTemplate":"https:\/\/www.studioxp.ca\/fr\/?s={search_term_string}"},"query-input":"required name=search_term_string"}],"inLanguage":"fr-CA"},{"@type":"Organization","@id":"https:\/\/www.studioxp.ca\/fr\/#organization","name":"Studio XP","url":"https:\/\/www.studioxp.ca\/fr\/","logo":{"@type":"ImageObject","inLanguage":"fr-CA","@id":"https:\/\/www.studioxp.ca\/fr\/#\/schema\/logo\/image\/","url":"https:\/\/www.studioxp.ca\/wp-content\/uploads\/2021\/08\/cropped-SXP_Logo-Blanc.png.webp","contentUrl":"https:\/\/www.studioxp.ca\/wp-content\/uploads\/2021\/08\/cropped-SXP_Logo-Blanc.png.webp","width":300,"height":85,"caption":"Studio XP"},"image":{"@id":"https:\/\/www.studioxp.ca\/fr\/#\/schema\/logo\/image\/"}}]}},"_links":{"self":[{"href":"https:\/\/www.studioxp.ca\/fr\/wp-json\/wp\/v2\/pages\/25786","targetHints":{"allow":["GET"]}}],"collection":[{"href":"https:\/\/www.studioxp.ca\/fr\/wp-json\/wp\/v2\/pages"}],"about":[{"href":"https:\/\/www.studioxp.ca\/fr\/wp-json\/wp\/v2\/types\/page"}],"author":[{"embeddable":true,"href":"https:\/\/www.studioxp.ca\/fr\/wp-json\/wp\/v2\/users\/3"}],"replies":[{"embeddable":true,"href":"https:\/\/www.studioxp.ca\/fr\/wp-json\/wp\/v2\/comments?post=25786"}],"version-history":[{"count":1,"href":"https:\/\/www.studioxp.ca\/fr\/wp-json\/wp\/v2\/pages\/25786\/revisions"}],"predecessor-version":[{"id":25787,"href":"https:\/\/www.studioxp.ca\/fr\/wp-json\/wp\/v2\/pages\/25786\/revisions\/25787"}],"up":[{"embeddable":true,"href":"https:\/\/www.studioxp.ca\/fr\/wp-json\/wp\/v2\/pages\/2539"}],"wp:attachment":[{"href":"https:\/\/www.studioxp.ca\/fr\/wp-json\/wp\/v2\/media?parent=25786"}],"wp:term":[{"taxonomy":"sxp-course-type","embeddable":true,"href":"https:\/\/www.studioxp.ca\/fr\/wp-json\/wp\/v2\/sxp-course-type?post=25786"},{"taxonomy":"sxp-event-type","embeddable":true,"href":"https:\/\/www.studioxp.ca\/fr\/wp-json\/wp\/v2\/sxp-event-type?post=25786"},{"taxonomy":"folder","embeddable":true,"href":"https:\/\/www.studioxp.ca\/fr\/wp-json\/wp\/v2\/folder?post=25786"}],"curies":[{"name":"wp","href":"https:\/\/api.w.org\/{rel}","templated":true}]}}