{"id":17956,"date":"2025-01-12T14:27:40","date_gmt":"2025-01-12T19:27:40","guid":{"rendered":"https:\/\/www.studioxp.ca\/?page_id=17956"},"modified":"2025-01-12T14:27:41","modified_gmt":"2025-01-12T19:27:41","slug":"saint-jerome","status":"publish","type":"page","link":"https:\/\/www.studioxp.ca\/fr\/camps-de-jour\/saint-jerome\/","title":{"rendered":"Saint-J\u00e9r\u00f4me"},"content":{"rendered":"","protected":false},"excerpt":{"rendered":"","protected":false},"author":5,"featured_media":0,"parent":2775,"menu_order":0,"comment_status":"closed","ping_status":"closed","template":"","meta":{"footnotes":""},"sxp-course-type":[],"sxp-event-type":[124],"folder":[160],"class_list":["post-17956","page","type-page","status-publish","hentry","sxp-event-type-camp-de-jour"],"yoast_head":"<!-- This site is optimized with the Yoast SEO plugin v23.2 - https:\/\/yoast.com\/wordpress\/plugins\/seo\/ -->\n<title>Saint-J\u00e9r\u00f4me - Camp de jour Studio XP<\/title>\n<meta name=\"description\" content=\"Du 30 juin au 25 juillet 2025, nous sommes au C\u00e9gep de Saint-J\u00e9r\u00f4me \u2013 455 Rue Fournier\" \/>\n<meta name=\"robots\" content=\"index, follow, max-snippet:-1, max-image-preview:large, max-video-preview:-1\" \/>\n<link rel=\"canonical\" href=\"https:\/\/www.studioxp.ca\/fr\/camps-de-jour\/saint-jerome\/\" \/>\n<meta property=\"og:locale\" content=\"fr_CA\" \/>\n<meta property=\"og:type\" content=\"article\" \/>\n<meta property=\"og:title\" content=\"Saint-J\u00e9r\u00f4me - Camp de jour Studio XP\" \/>\n<meta property=\"og:description\" content=\"Du 30 juin au 25 juillet 2025, nous sommes au C\u00e9gep de Saint-J\u00e9r\u00f4me \u2013 455 Rue Fournier\" \/>\n<meta property=\"og:url\" content=\"https:\/\/www.studioxp.ca\/fr\/camps-de-jour\/saint-jerome\/\" \/>\n<meta property=\"og:site_name\" content=\"Studio XP\" \/>\n<meta property=\"article:modified_time\" content=\"2025-01-12T19:27:41+00:00\" \/>\n<meta name=\"twitter:card\" content=\"summary_large_image\" \/>\n<script type=\"application\/ld+json\" class=\"yoast-schema-graph\">{\"@context\":\"https:\/\/schema.org\",\"@graph\":[{\"@type\":\"WebPage\",\"@id\":\"https:\/\/www.studioxp.ca\/fr\/camps-de-jour\/saint-jerome\/\",\"url\":\"https:\/\/www.studioxp.ca\/fr\/camps-de-jour\/saint-jerome\/\",\"name\":\"Saint-J\u00e9r\u00f4me - Camp de jour Studio XP\",\"isPartOf\":{\"@id\":\"https:\/\/www.studioxp.ca\/fr\/#website\"},\"datePublished\":\"2025-01-12T19:27:40+00:00\",\"dateModified\":\"2025-01-12T19:27:41+00:00\",\"description\":\"Du 30 juin au 25 juillet 2025, nous sommes au C\u00e9gep de Saint-J\u00e9r\u00f4me \u2013 455 Rue Fournier\",\"breadcrumb\":{\"@id\":\"https:\/\/www.studioxp.ca\/fr\/camps-de-jour\/saint-jerome\/#breadcrumb\"},\"inLanguage\":\"fr-CA\",\"potentialAction\":[{\"@type\":\"ReadAction\",\"target\":[\"https:\/\/www.studioxp.ca\/fr\/camps-de-jour\/saint-jerome\/\"]}]},{\"@type\":\"BreadcrumbList\",\"@id\":\"https:\/\/www.studioxp.ca\/fr\/camps-de-jour\/saint-jerome\/#breadcrumb\",\"itemListElement\":[{\"@type\":\"ListItem\",\"position\":1,\"name\":\"Accueil\",\"item\":\"https:\/\/www.studioxp.ca\/fr\/\"},{\"@type\":\"ListItem\",\"position\":2,\"name\":\"Camps de jour\",\"item\":\"https:\/\/www.studioxp.ca\/fr\/camps-de-jour\/\"},{\"@type\":\"ListItem\",\"position\":3,\"name\":\"Saint-J\u00e9r\u00f4me\"}]},{\"@type\":\"WebSite\",\"@id\":\"https:\/\/www.studioxp.ca\/fr\/#website\",\"url\":\"https:\/\/www.studioxp.ca\/fr\/\",\"name\":\"Studio XP\",\"description\":\"Cr\u00e9ation de jeux vid\u00e9o\",\"publisher\":{\"@id\":\"https:\/\/www.studioxp.ca\/fr\/#organization\"},\"potentialAction\":[{\"@type\":\"SearchAction\",\"target\":{\"@type\":\"EntryPoint\",\"urlTemplate\":\"https:\/\/www.studioxp.ca\/fr\/?s={search_term_string}\"},\"query-input\":\"required name=search_term_string\"}],\"inLanguage\":\"fr-CA\"},{\"@type\":\"Organization\",\"@id\":\"https:\/\/www.studioxp.ca\/fr\/#organization\",\"name\":\"Studio XP\",\"url\":\"https:\/\/www.studioxp.ca\/fr\/\",\"logo\":{\"@type\":\"ImageObject\",\"inLanguage\":\"fr-CA\",\"@id\":\"https:\/\/www.studioxp.ca\/fr\/#\/schema\/logo\/image\/\",\"url\":\"https:\/\/www.studioxp.ca\/wp-content\/uploads\/2021\/08\/cropped-SXP_Logo-Blanc.png.webp\",\"contentUrl\":\"https:\/\/www.studioxp.ca\/wp-content\/uploads\/2021\/08\/cropped-SXP_Logo-Blanc.png.webp\",\"width\":300,\"height\":85,\"caption\":\"Studio XP\"},\"image\":{\"@id\":\"https:\/\/www.studioxp.ca\/fr\/#\/schema\/logo\/image\/\"}}]}<\/script>\n<!-- \/ Yoast SEO plugin. -->","yoast_head_json":{"title":"Saint-J\u00e9r\u00f4me - Camp de jour Studio XP","description":"Du 30 juin au 25 juillet 2025, nous sommes au C\u00e9gep de Saint-J\u00e9r\u00f4me \u2013 455 Rue Fournier","robots":{"index":"index","follow":"follow","max-snippet":"max-snippet:-1","max-image-preview":"max-image-preview:large","max-video-preview":"max-video-preview:-1"},"canonical":"https:\/\/www.studioxp.ca\/fr\/camps-de-jour\/saint-jerome\/","og_locale":"fr_CA","og_type":"article","og_title":"Saint-J\u00e9r\u00f4me - Camp de jour Studio XP","og_description":"Du 30 juin au 25 juillet 2025, nous sommes au C\u00e9gep de Saint-J\u00e9r\u00f4me \u2013 455 Rue Fournier","og_url":"https:\/\/www.studioxp.ca\/fr\/camps-de-jour\/saint-jerome\/","og_site_name":"Studio XP","article_modified_time":"2025-01-12T19:27:41+00:00","twitter_card":"summary_large_image","schema":{"@context":"https:\/\/schema.org","@graph":[{"@type":"WebPage","@id":"https:\/\/www.studioxp.ca\/fr\/camps-de-jour\/saint-jerome\/","url":"https:\/\/www.studioxp.ca\/fr\/camps-de-jour\/saint-jerome\/","name":"Saint-J\u00e9r\u00f4me - Camp de jour Studio XP","isPartOf":{"@id":"https:\/\/www.studioxp.ca\/fr\/#website"},"datePublished":"2025-01-12T19:27:40+00:00","dateModified":"2025-01-12T19:27:41+00:00","description":"Du 30 juin au 25 juillet 2025, nous sommes au C\u00e9gep de Saint-J\u00e9r\u00f4me \u2013 455 Rue Fournier","breadcrumb":{"@id":"https:\/\/www.studioxp.ca\/fr\/camps-de-jour\/saint-jerome\/#breadcrumb"},"inLanguage":"fr-CA","potentialAction":[{"@type":"ReadAction","target":["https:\/\/www.studioxp.ca\/fr\/camps-de-jour\/saint-jerome\/"]}]},{"@type":"BreadcrumbList","@id":"https:\/\/www.studioxp.ca\/fr\/camps-de-jour\/saint-jerome\/#breadcrumb","itemListElement":[{"@type":"ListItem","position":1,"name":"Accueil","item":"https:\/\/www.studioxp.ca\/fr\/"},{"@type":"ListItem","position":2,"name":"Camps de jour","item":"https:\/\/www.studioxp.ca\/fr\/camps-de-jour\/"},{"@type":"ListItem","position":3,"name":"Saint-J\u00e9r\u00f4me"}]},{"@type":"WebSite","@id":"https:\/\/www.studioxp.ca\/fr\/#website","url":"https:\/\/www.studioxp.ca\/fr\/","name":"Studio XP","description":"Cr\u00e9ation de jeux vid\u00e9o","publisher":{"@id":"https:\/\/www.studioxp.ca\/fr\/#organization"},"potentialAction":[{"@type":"SearchAction","target":{"@type":"EntryPoint","urlTemplate":"https:\/\/www.studioxp.ca\/fr\/?s={search_term_string}"},"query-input":"required name=search_term_string"}],"inLanguage":"fr-CA"},{"@type":"Organization","@id":"https:\/\/www.studioxp.ca\/fr\/#organization","name":"Studio XP","url":"https:\/\/www.studioxp.ca\/fr\/","logo":{"@type":"ImageObject","inLanguage":"fr-CA","@id":"https:\/\/www.studioxp.ca\/fr\/#\/schema\/logo\/image\/","url":"https:\/\/www.studioxp.ca\/wp-content\/uploads\/2021\/08\/cropped-SXP_Logo-Blanc.png.webp","contentUrl":"https:\/\/www.studioxp.ca\/wp-content\/uploads\/2021\/08\/cropped-SXP_Logo-Blanc.png.webp","width":300,"height":85,"caption":"Studio XP"},"image":{"@id":"https:\/\/www.studioxp.ca\/fr\/#\/schema\/logo\/image\/"}}]}},"_links":{"self":[{"href":"https:\/\/www.studioxp.ca\/fr\/wp-json\/wp\/v2\/pages\/17956","targetHints":{"allow":["GET"]}}],"collection":[{"href":"https:\/\/www.studioxp.ca\/fr\/wp-json\/wp\/v2\/pages"}],"about":[{"href":"https:\/\/www.studioxp.ca\/fr\/wp-json\/wp\/v2\/types\/page"}],"author":[{"embeddable":true,"href":"https:\/\/www.studioxp.ca\/fr\/wp-json\/wp\/v2\/users\/5"}],"replies":[{"embeddable":true,"href":"https:\/\/www.studioxp.ca\/fr\/wp-json\/wp\/v2\/comments?post=17956"}],"version-history":[{"count":1,"href":"https:\/\/www.studioxp.ca\/fr\/wp-json\/wp\/v2\/pages\/17956\/revisions"}],"predecessor-version":[{"id":17957,"href":"https:\/\/www.studioxp.ca\/fr\/wp-json\/wp\/v2\/pages\/17956\/revisions\/17957"}],"up":[{"embeddable":true,"href":"https:\/\/www.studioxp.ca\/fr\/wp-json\/wp\/v2\/pages\/2775"}],"wp:attachment":[{"href":"https:\/\/www.studioxp.ca\/fr\/wp-json\/wp\/v2\/media?parent=17956"}],"wp:term":[{"taxonomy":"sxp-course-type","embeddable":true,"href":"https:\/\/www.studioxp.ca\/fr\/wp-json\/wp\/v2\/sxp-course-type?post=17956"},{"taxonomy":"sxp-event-type","embeddable":true,"href":"https:\/\/www.studioxp.ca\/fr\/wp-json\/wp\/v2\/sxp-event-type?post=17956"},{"taxonomy":"folder","embeddable":true,"href":"https:\/\/www.studioxp.ca\/fr\/wp-json\/wp\/v2\/folder?post=17956"}],"curies":[{"name":"wp","href":"https:\/\/api.w.org\/{rel}","templated":true}]}}