{"id":17399,"date":"2024-12-05T11:37:57","date_gmt":"2024-12-05T16:37:57","guid":{"rendered":"https:\/\/www.studioxp.ca\/?page_id=17399"},"modified":"2024-12-05T11:38:00","modified_gmt":"2024-12-05T16:38:00","slug":"gatineau","status":"publish","type":"page","link":"https:\/\/www.studioxp.ca\/fr\/camps-de-jour\/gatineau\/","title":{"rendered":"Gatineau"},"content":{"rendered":"","protected":false},"excerpt":{"rendered":"","protected":false},"author":5,"featured_media":0,"parent":2775,"menu_order":0,"comment_status":"closed","ping_status":"closed","template":"","meta":{"footnotes":""},"sxp-course-type":[],"sxp-event-type":[124],"folder":[160],"class_list":["post-17399","page","type-page","status-publish","hentry","sxp-event-type-camp-de-jour"],"yoast_head":"<!-- This site is optimized with the Yoast SEO plugin v23.2 - https:\/\/yoast.com\/wordpress\/plugins\/seo\/ -->\n<title>Gatineau - Camp de jour Studio XP<\/title>\n<meta name=\"description\" content=\"Du 30 juin au 1 ao\u00fbt 2025, nous sommes \u00e0 l&#039;Universit\u00e9 du Qu\u00e9bec en Outaouais \u2013 283 Boulevard Alexandre-Tach\u00e9\" \/>\n<meta name=\"robots\" content=\"index, follow, max-snippet:-1, max-image-preview:large, max-video-preview:-1\" \/>\n<link rel=\"canonical\" href=\"https:\/\/www.studioxp.ca\/fr\/camps-de-jour\/gatineau\/\" \/>\n<meta property=\"og:locale\" content=\"fr_CA\" \/>\n<meta property=\"og:type\" content=\"article\" \/>\n<meta property=\"og:title\" content=\"Gatineau - Camp de jour Studio XP\" \/>\n<meta property=\"og:description\" content=\"Du 30 juin au 1 ao\u00fbt 2025, nous sommes \u00e0 l&#039;Universit\u00e9 du Qu\u00e9bec en Outaouais \u2013 283 Boulevard Alexandre-Tach\u00e9\" \/>\n<meta property=\"og:url\" content=\"https:\/\/www.studioxp.ca\/fr\/camps-de-jour\/gatineau\/\" \/>\n<meta property=\"og:site_name\" content=\"Studio XP\" \/>\n<meta property=\"article:modified_time\" content=\"2024-12-05T16:38:00+00:00\" \/>\n<meta name=\"twitter:card\" content=\"summary_large_image\" \/>\n<script type=\"application\/ld+json\" class=\"yoast-schema-graph\">{\"@context\":\"https:\/\/schema.org\",\"@graph\":[{\"@type\":\"WebPage\",\"@id\":\"https:\/\/www.studioxp.ca\/fr\/camps-de-jour\/gatineau\/\",\"url\":\"https:\/\/www.studioxp.ca\/fr\/camps-de-jour\/gatineau\/\",\"name\":\"Gatineau - Camp de jour Studio XP\",\"isPartOf\":{\"@id\":\"https:\/\/www.studioxp.ca\/fr\/#website\"},\"datePublished\":\"2024-12-05T16:37:57+00:00\",\"dateModified\":\"2024-12-05T16:38:00+00:00\",\"description\":\"Du 30 juin au 1 ao\u00fbt 2025, nous sommes \u00e0 l'Universit\u00e9 du Qu\u00e9bec en Outaouais \u2013 283 Boulevard Alexandre-Tach\u00e9\",\"breadcrumb\":{\"@id\":\"https:\/\/www.studioxp.ca\/fr\/camps-de-jour\/gatineau\/#breadcrumb\"},\"inLanguage\":\"fr-CA\",\"potentialAction\":[{\"@type\":\"ReadAction\",\"target\":[\"https:\/\/www.studioxp.ca\/fr\/camps-de-jour\/gatineau\/\"]}]},{\"@type\":\"BreadcrumbList\",\"@id\":\"https:\/\/www.studioxp.ca\/fr\/camps-de-jour\/gatineau\/#breadcrumb\",\"itemListElement\":[{\"@type\":\"ListItem\",\"position\":1,\"name\":\"Accueil\",\"item\":\"https:\/\/www.studioxp.ca\/fr\/\"},{\"@type\":\"ListItem\",\"position\":2,\"name\":\"Camps de jour\",\"item\":\"https:\/\/www.studioxp.ca\/fr\/camps-de-jour\/\"},{\"@type\":\"ListItem\",\"position\":3,\"name\":\"Gatineau\"}]},{\"@type\":\"WebSite\",\"@id\":\"https:\/\/www.studioxp.ca\/fr\/#website\",\"url\":\"https:\/\/www.studioxp.ca\/fr\/\",\"name\":\"Studio XP\",\"description\":\"Cr\u00e9ation de jeux vid\u00e9o\",\"publisher\":{\"@id\":\"https:\/\/www.studioxp.ca\/fr\/#organization\"},\"potentialAction\":[{\"@type\":\"SearchAction\",\"target\":{\"@type\":\"EntryPoint\",\"urlTemplate\":\"https:\/\/www.studioxp.ca\/fr\/?s={search_term_string}\"},\"query-input\":\"required name=search_term_string\"}],\"inLanguage\":\"fr-CA\"},{\"@type\":\"Organization\",\"@id\":\"https:\/\/www.studioxp.ca\/fr\/#organization\",\"name\":\"Studio XP\",\"url\":\"https:\/\/www.studioxp.ca\/fr\/\",\"logo\":{\"@type\":\"ImageObject\",\"inLanguage\":\"fr-CA\",\"@id\":\"https:\/\/www.studioxp.ca\/fr\/#\/schema\/logo\/image\/\",\"url\":\"https:\/\/www.studioxp.ca\/wp-content\/uploads\/2021\/08\/cropped-SXP_Logo-Blanc.png.webp\",\"contentUrl\":\"https:\/\/www.studioxp.ca\/wp-content\/uploads\/2021\/08\/cropped-SXP_Logo-Blanc.png.webp\",\"width\":300,\"height\":85,\"caption\":\"Studio XP\"},\"image\":{\"@id\":\"https:\/\/www.studioxp.ca\/fr\/#\/schema\/logo\/image\/\"}}]}<\/script>\n<!-- \/ Yoast SEO plugin. -->","yoast_head_json":{"title":"Gatineau - Camp de jour Studio XP","description":"Du 30 juin au 1 ao\u00fbt 2025, nous sommes \u00e0 l'Universit\u00e9 du Qu\u00e9bec en Outaouais \u2013 283 Boulevard Alexandre-Tach\u00e9","robots":{"index":"index","follow":"follow","max-snippet":"max-snippet:-1","max-image-preview":"max-image-preview:large","max-video-preview":"max-video-preview:-1"},"canonical":"https:\/\/www.studioxp.ca\/fr\/camps-de-jour\/gatineau\/","og_locale":"fr_CA","og_type":"article","og_title":"Gatineau - Camp de jour Studio XP","og_description":"Du 30 juin au 1 ao\u00fbt 2025, nous sommes \u00e0 l'Universit\u00e9 du Qu\u00e9bec en Outaouais \u2013 283 Boulevard Alexandre-Tach\u00e9","og_url":"https:\/\/www.studioxp.ca\/fr\/camps-de-jour\/gatineau\/","og_site_name":"Studio XP","article_modified_time":"2024-12-05T16:38:00+00:00","twitter_card":"summary_large_image","schema":{"@context":"https:\/\/schema.org","@graph":[{"@type":"WebPage","@id":"https:\/\/www.studioxp.ca\/fr\/camps-de-jour\/gatineau\/","url":"https:\/\/www.studioxp.ca\/fr\/camps-de-jour\/gatineau\/","name":"Gatineau - Camp de jour Studio XP","isPartOf":{"@id":"https:\/\/www.studioxp.ca\/fr\/#website"},"datePublished":"2024-12-05T16:37:57+00:00","dateModified":"2024-12-05T16:38:00+00:00","description":"Du 30 juin au 1 ao\u00fbt 2025, nous sommes \u00e0 l'Universit\u00e9 du Qu\u00e9bec en Outaouais \u2013 283 Boulevard Alexandre-Tach\u00e9","breadcrumb":{"@id":"https:\/\/www.studioxp.ca\/fr\/camps-de-jour\/gatineau\/#breadcrumb"},"inLanguage":"fr-CA","potentialAction":[{"@type":"ReadAction","target":["https:\/\/www.studioxp.ca\/fr\/camps-de-jour\/gatineau\/"]}]},{"@type":"BreadcrumbList","@id":"https:\/\/www.studioxp.ca\/fr\/camps-de-jour\/gatineau\/#breadcrumb","itemListElement":[{"@type":"ListItem","position":1,"name":"Accueil","item":"https:\/\/www.studioxp.ca\/fr\/"},{"@type":"ListItem","position":2,"name":"Camps de jour","item":"https:\/\/www.studioxp.ca\/fr\/camps-de-jour\/"},{"@type":"ListItem","position":3,"name":"Gatineau"}]},{"@type":"WebSite","@id":"https:\/\/www.studioxp.ca\/fr\/#website","url":"https:\/\/www.studioxp.ca\/fr\/","name":"Studio XP","description":"Cr\u00e9ation de jeux vid\u00e9o","publisher":{"@id":"https:\/\/www.studioxp.ca\/fr\/#organization"},"potentialAction":[{"@type":"SearchAction","target":{"@type":"EntryPoint","urlTemplate":"https:\/\/www.studioxp.ca\/fr\/?s={search_term_string}"},"query-input":"required name=search_term_string"}],"inLanguage":"fr-CA"},{"@type":"Organization","@id":"https:\/\/www.studioxp.ca\/fr\/#organization","name":"Studio XP","url":"https:\/\/www.studioxp.ca\/fr\/","logo":{"@type":"ImageObject","inLanguage":"fr-CA","@id":"https:\/\/www.studioxp.ca\/fr\/#\/schema\/logo\/image\/","url":"https:\/\/www.studioxp.ca\/wp-content\/uploads\/2021\/08\/cropped-SXP_Logo-Blanc.png.webp","contentUrl":"https:\/\/www.studioxp.ca\/wp-content\/uploads\/2021\/08\/cropped-SXP_Logo-Blanc.png.webp","width":300,"height":85,"caption":"Studio XP"},"image":{"@id":"https:\/\/www.studioxp.ca\/fr\/#\/schema\/logo\/image\/"}}]}},"_links":{"self":[{"href":"https:\/\/www.studioxp.ca\/fr\/wp-json\/wp\/v2\/pages\/17399","targetHints":{"allow":["GET"]}}],"collection":[{"href":"https:\/\/www.studioxp.ca\/fr\/wp-json\/wp\/v2\/pages"}],"about":[{"href":"https:\/\/www.studioxp.ca\/fr\/wp-json\/wp\/v2\/types\/page"}],"author":[{"embeddable":true,"href":"https:\/\/www.studioxp.ca\/fr\/wp-json\/wp\/v2\/users\/5"}],"replies":[{"embeddable":true,"href":"https:\/\/www.studioxp.ca\/fr\/wp-json\/wp\/v2\/comments?post=17399"}],"version-history":[{"count":1,"href":"https:\/\/www.studioxp.ca\/fr\/wp-json\/wp\/v2\/pages\/17399\/revisions"}],"predecessor-version":[{"id":17400,"href":"https:\/\/www.studioxp.ca\/fr\/wp-json\/wp\/v2\/pages\/17399\/revisions\/17400"}],"up":[{"embeddable":true,"href":"https:\/\/www.studioxp.ca\/fr\/wp-json\/wp\/v2\/pages\/2775"}],"wp:attachment":[{"href":"https:\/\/www.studioxp.ca\/fr\/wp-json\/wp\/v2\/media?parent=17399"}],"wp:term":[{"taxonomy":"sxp-course-type","embeddable":true,"href":"https:\/\/www.studioxp.ca\/fr\/wp-json\/wp\/v2\/sxp-course-type?post=17399"},{"taxonomy":"sxp-event-type","embeddable":true,"href":"https:\/\/www.studioxp.ca\/fr\/wp-json\/wp\/v2\/sxp-event-type?post=17399"},{"taxonomy":"folder","embeddable":true,"href":"https:\/\/www.studioxp.ca\/fr\/wp-json\/wp\/v2\/folder?post=17399"}],"curies":[{"name":"wp","href":"https:\/\/api.w.org\/{rel}","templated":true}]}}